{"id":183,"date":"2025-06-21T17:42:04","date_gmt":"2025-06-21T15:42:04","guid":{"rendered":"https:\/\/m2city.pl\/?page_id=183"},"modified":"2025-06-23T13:16:31","modified_gmt":"2025-06-23T11:16:31","slug":"kontakt","status":"publish","type":"page","link":"https:\/\/m2city.pl\/?page_id=183","title":{"rendered":"Kontakt"},"content":{"rendered":"\n<div class=\"wp-block-stackable-columns stk-block-columns stk-block stk-2f34184\" data-block-id=\"2f34184\"><div class=\"stk-row stk-inner-blocks stk-block-content stk-content-align stk-2f34184-column\">\n<div class=\"wp-block-stackable-column stk-block-column stk-column stk-block stk-dcd7315\" data-v=\"4\" data-block-id=\"dcd7315\"><div class=\"stk-column-wrapper stk-block-column__content stk-container stk-dcd7315-container stk--no-background stk--no-padding\"><div class=\"stk-block-content stk-inner-blocks stk-dcd7315-inner-blocks\">\n<h1 class=\"wp-block-heading has-x-large-font-size\">Skontaktuj si\u0119 z nami!<\/h1>\n\n\n\n<p>Masz pytania, sugestie lub chcesz dowiedzie\u0107 si\u0119 wi\u0119cej o naszej ofercie? Jeste\u015bmy do Twojej dyspozycji!<br>Skontaktuj si\u0119 z nami za pomoc\u0105 poni\u017cszego formularza, napisz do nas e-mail lub zadzwo\u0144. Odpowiemy najszybciej, jak to mo\u017cliwe.<\/p>\n\n\n\n<p><\/p>\n\n\n\n<p>\ud83d\udce7 <strong>E-mail:<\/strong> <a href=\"mailto:m2city.warszawa@gmail.com\">m2city.warszawa@gmail.com<\/a><\/p>\n\n\n\n<p><br>\ud83d\udcde <strong>Telefon:<\/strong> <a href=\"tel:48880633444\">+48 880 633 444<\/a><\/p>\n\n\n\n<p><br>\ud83d\udccd <strong>Adres:<\/strong> <a href=\"https:\/\/www.google.com\/maps\/place\/M2+City\/@52.3263728,21.0405093,19z\/data=!4m14!1m7!3m6!1s0xaf7e334f9bd58105:0xbbdd9cfe959dd2be!2sM2+City!8m2!3d52.326372!4d21.041153!16s%2Fg%2F11tkbjz3f_!3m5!1s0xaf7e334f9bd58105:0xbbdd9cfe959dd2be!8m2!3d52.326372!4d21.041153!16s%2Fg%2F11tkbjz3f_?authuser=0&amp;entry=ttu&amp;g_ep=EgoyMDI1MDYxNy4wIKXMDSoASAFQAw%3D%3D\" data-type=\"link\" data-id=\"https:\/\/www.google.com\/maps\/place\/M2+City\/@52.3263728,21.0405093,19z\/data=!4m14!1m7!3m6!1s0xaf7e334f9bd58105:0xbbdd9cfe959dd2be!2sM2+City!8m2!3d52.326372!4d21.041153!16s%2Fg%2F11tkbjz3f_!3m5!1s0xaf7e334f9bd58105:0xbbdd9cfe959dd2be!8m2!3d52.326372!4d21.041153!16s%2Fg%2F11tkbjz3f_?authuser=0&amp;entry=ttu&amp;g_ep=EgoyMDI1MDYxNy4wIKXMDSoASAFQAw%3D%3D\">ul. Hemara 9A\/32  03-298 Warszawa<\/a><\/p>\n\n\n\n<p><\/p>\n<\/div><\/div><\/div>\n\n\n\n<div class=\"wp-block-stackable-column stk-block-column stk-column stk-block stk-b17931a\" data-v=\"4\" data-block-id=\"b17931a\"><div class=\"stk-column-wrapper stk-block-column__content stk-container stk-b17931a-container stk--no-background stk--no-padding\"><div class=\"stk-block-content stk-inner-blocks stk-b17931a-inner-blocks\">\n<div class=\"wpcf7 no-js\" id=\"wpcf7-f219-o1\" lang=\"pl-PL\" dir=\"ltr\" data-wpcf7-id=\"219\">\n<div class=\"screen-reader-response\"><p role=\"status\" aria-live=\"polite\" aria-atomic=\"true\"><\/p> <ul><\/ul><\/div>\n<form action=\"\/index.php?rest_route=%2Fwp%2Fv2%2Fpages%2F183#wpcf7-f219-o1\" method=\"post\" class=\"wpcf7-form init\" aria-label=\"Formularz kontaktowy\" novalidate=\"novalidate\" data-status=\"init\">\n<fieldset class=\"hidden-fields-container\"><input type=\"hidden\" name=\"_wpcf7\" value=\"219\" \/><input type=\"hidden\" name=\"_wpcf7_version\" value=\"6.1.5\" \/><input type=\"hidden\" name=\"_wpcf7_locale\" value=\"pl_PL\" \/><input type=\"hidden\" name=\"_wpcf7_unit_tag\" value=\"wpcf7-f219-o1\" \/><input type=\"hidden\" name=\"_wpcf7_container_post\" value=\"0\" \/><input type=\"hidden\" name=\"_wpcf7_posted_data_hash\" value=\"\" \/>\n<\/fieldset>\n<p><label> Twoje imi\u0119 i nazwisko<br \/>\n<span class=\"wpcf7-form-control-wrap\" data-name=\"your-name\"><input size=\"40\" maxlength=\"400\" class=\"wpcf7-form-control wpcf7-text wpcf7-validates-as-required\" autocomplete=\"name\" aria-required=\"true\" aria-invalid=\"false\" value=\"\" type=\"text\" name=\"your-name\" \/><\/span> <\/label>\n<\/p>\n<p><label> Tw\u00f3j adres e-mail<br \/>\n<span class=\"wpcf7-form-control-wrap\" data-name=\"your-email\"><input size=\"40\" maxlength=\"400\" class=\"wpcf7-form-control wpcf7-email wpcf7-validates-as-required wpcf7-text wpcf7-validates-as-email\" autocomplete=\"email\" aria-required=\"true\" aria-invalid=\"false\" value=\"\" type=\"email\" name=\"your-email\" \/><\/span> <\/label>\n<\/p>\n<p><label> Tw\u00f3j numer telefonu<br \/>\n<span class=\"wpcf7-form-control-wrap\" data-name=\"tel-643\"><input size=\"40\" maxlength=\"400\" class=\"wpcf7-form-control wpcf7-tel wpcf7-validates-as-required wpcf7-text wpcf7-validates-as-tel\" aria-required=\"true\" aria-invalid=\"false\" value=\"\" type=\"tel\" name=\"tel-643\" \/><\/span> <\/label>\n<\/p>\n<p><label> Temat<br \/>\n<span class=\"wpcf7-form-control-wrap\" data-name=\"your-subject\"><input size=\"40\" maxlength=\"400\" class=\"wpcf7-form-control wpcf7-text wpcf7-validates-as-required\" aria-required=\"true\" aria-invalid=\"false\" value=\"\" type=\"text\" name=\"your-subject\" \/><\/span> <\/label>\n<\/p>\n<p><label> Twoja wiadomo\u015bci (opcjonalne)<br \/>\n<span class=\"wpcf7-form-control-wrap\" data-name=\"your-message\"><textarea cols=\"40\" rows=\"10\" maxlength=\"2000\" class=\"wpcf7-form-control wpcf7-textarea\" aria-invalid=\"false\" name=\"your-message\"><\/textarea><\/span> <\/label>\n<\/p>\n<p><input class=\"wpcf7-form-control wpcf7-submit has-spinner\" type=\"submit\" value=\"Wy\u015blij\" \/>\n<\/p><div class=\"wpcf7-response-output\" aria-hidden=\"true\"><\/div>\n<\/form>\n<\/div>\n\n<\/div><\/div><\/div>\n<\/div><\/div>\n\n\n\n<div style=\"height:100px\" aria-hidden=\"true\" class=\"wp-block-spacer\"><\/div>\n\n\n\n<div class=\"wp-block-stackable-map alignfull stk-block-map stk-block stk-8386bc1\" data-block-id=\"8386bc1\"><style>.stk-8386bc1 .stk-block-map__canvas, .stk-8386bc1 iframe{height:461px !important;}.stk-8386bc1 {margin-bottom:0px !important;}<\/style><iframe\n\t\t\t\t\t\ttitle=\"Embedded content from Google Maps Platform.\"\n\t\t\t\t\t\tsrc=\"https:\/\/maps.google.com\/maps?q=hemara 9A Warszawa&#038;t=&#038;z=14&#038;ie=UTF8&#038;output=embed\"\n\t\t\t\t\t\tstyle=\"border:0;width:100%;max-width:none;max-height:none;height:100%;\"\n\t\t\t\t\t\taria-hidden=\"false\"\n\t\t\t\t\t\ttabIndex=\"0\"\n\t\t\t\t\t\tallowfullscreen\n\t\t\t\t\t\tloading=\"lazy\"\n\t\t\t\t\t\tframeBorder=\"0\"\n\t\t\t\t\t><\/iframe><\/div>\n\n\n\n<p><\/p>\n","protected":false},"excerpt":{"rendered":"<p>Skontaktuj si\u0119 z nami! Masz pytania, sugestie lub chcesz dowiedzie\u0107 si\u0119 wi\u0119cej o naszej ofercie? Jeste\u015bmy do Twojej dyspozycji!Skontaktuj si\u0119 z nami za pomoc\u0105 poni\u017cszego formularza, napisz do nas e-mail lub zadzwo\u0144. Odpowiemy najszybciej, jak to mo\u017cliwe. \ud83d\udce7 E-mail: m2city.warszawa@gmail.com \ud83d\udcde Telefon: +48 880 633 444 \ud83d\udccd Adres: ul. Hemara 9A\/32 03-298 Warszawa<\/p>\n","protected":false},"author":1,"featured_media":0,"parent":0,"menu_order":0,"comment_status":"closed","ping_status":"closed","template":"","meta":{"ocean_post_layout":"","ocean_both_sidebars_style":"","ocean_both_sidebars_content_width":0,"ocean_both_sidebars_sidebars_width":0,"ocean_sidebar":"","ocean_second_sidebar":"","ocean_disable_margins":"enable","ocean_add_body_class":"","ocean_shortcode_before_top_bar":"","ocean_shortcode_after_top_bar":"","ocean_shortcode_before_header":"","ocean_shortcode_after_header":"","ocean_has_shortcode":"","ocean_shortcode_after_title":"","ocean_shortcode_before_footer_widgets":"","ocean_shortcode_after_footer_widgets":"","ocean_shortcode_before_footer_bottom":"","ocean_shortcode_after_footer_bottom":"","ocean_display_top_bar":"default","ocean_display_header":"default","ocean_header_style":"","ocean_center_header_left_menu":"","ocean_custom_header_template":"","ocean_custom_logo":0,"ocean_custom_retina_logo":0,"ocean_custom_logo_max_width":0,"ocean_custom_logo_tablet_max_width":0,"ocean_custom_logo_mobile_max_width":0,"ocean_custom_logo_max_height":0,"ocean_custom_logo_tablet_max_height":0,"ocean_custom_logo_mobile_max_height":0,"ocean_header_custom_menu":"","ocean_menu_typo_font_family":"","ocean_menu_typo_font_subset":"","ocean_menu_typo_font_size":0,"ocean_menu_typo_font_size_tablet":0,"ocean_menu_typo_font_size_mobile":0,"ocean_menu_typo_font_size_unit":"px","ocean_menu_typo_font_weight":"","ocean_menu_typo_font_weight_tablet":"","ocean_menu_typo_font_weight_mobile":"","ocean_menu_typo_transform":"","ocean_menu_typo_transform_tablet":"","ocean_menu_typo_transform_mobile":"","ocean_menu_typo_line_height":0,"ocean_menu_typo_line_height_tablet":0,"ocean_menu_typo_line_height_mobile":0,"ocean_menu_typo_line_height_unit":"","ocean_menu_typo_spacing":0,"ocean_menu_typo_spacing_tablet":0,"ocean_menu_typo_spacing_mobile":0,"ocean_menu_typo_spacing_unit":"","ocean_menu_link_color":"","ocean_menu_link_color_hover":"","ocean_menu_link_color_active":"","ocean_menu_link_background":"","ocean_menu_link_hover_background":"","ocean_menu_link_active_background":"","ocean_menu_social_links_bg":"","ocean_menu_social_hover_links_bg":"","ocean_menu_social_links_color":"","ocean_menu_social_hover_links_color":"","ocean_disable_title":"default","ocean_disable_heading":"default","ocean_post_title":"","ocean_post_subheading":"","ocean_post_title_style":"","ocean_post_title_background_color":"","ocean_post_title_background":0,"ocean_post_title_bg_image_position":"","ocean_post_title_bg_image_attachment":"","ocean_post_title_bg_image_repeat":"","ocean_post_title_bg_image_size":"","ocean_post_title_height":0,"ocean_post_title_bg_overlay":0.5,"ocean_post_title_bg_overlay_color":"","ocean_disable_breadcrumbs":"default","ocean_breadcrumbs_color":"","ocean_breadcrumbs_separator_color":"","ocean_breadcrumbs_links_color":"","ocean_breadcrumbs_links_hover_color":"","ocean_display_footer_widgets":"default","ocean_display_footer_bottom":"default","ocean_custom_footer_template":"","footnotes":""},"class_list":["post-183","page","type-page","status-publish","hentry","entry"],"_links":{"self":[{"href":"https:\/\/m2city.pl\/index.php?rest_route=\/wp\/v2\/pages\/183","targetHints":{"allow":["GET"]}}],"collection":[{"href":"https:\/\/m2city.pl\/index.php?rest_route=\/wp\/v2\/pages"}],"about":[{"href":"https:\/\/m2city.pl\/index.php?rest_route=\/wp\/v2\/types\/page"}],"author":[{"embeddable":true,"href":"https:\/\/m2city.pl\/index.php?rest_route=\/wp\/v2\/users\/1"}],"replies":[{"embeddable":true,"href":"https:\/\/m2city.pl\/index.php?rest_route=%2Fwp%2Fv2%2Fcomments&post=183"}],"version-history":[{"count":7,"href":"https:\/\/m2city.pl\/index.php?rest_route=\/wp\/v2\/pages\/183\/revisions"}],"predecessor-version":[{"id":220,"href":"https:\/\/m2city.pl\/index.php?rest_route=\/wp\/v2\/pages\/183\/revisions\/220"}],"wp:attachment":[{"href":"https:\/\/m2city.pl\/index.php?rest_route=%2Fwp%2Fv2%2Fmedia&parent=183"}],"curies":[{"name":"wp","href":"https:\/\/api.w.org\/{rel}","templated":true}]}}